{"id":460,"date":"2020-10-26T12:20:25","date_gmt":"2020-10-26T12:20:25","guid":{"rendered":"http:\/\/amwerk.bold-themes.com\/berlin\/?page_id=460"},"modified":"2024-03-05T15:17:32","modified_gmt":"2024-03-05T12:17:32","slug":"footer","status":"publish","type":"page","link":"https:\/\/orbisiplaw.com\/tr\/footer\/","title":{"rendered":"Footer"},"content":{"rendered":"<section id=\"bt_bb_section69f45024c7617\" class=\"bt_bb_section bt_bb_color_scheme_1 bt_bb_layout_wide bt_bb_vertical_align_top\" style=\"; --section-primary-color:#ffffff; --section-secondary-color:#000000;;background-color:#00a0dd;\" data-bt-override-class=\"null\"><div class=\"bt_bb_port\"><div class=\"bt_bb_cell\"><div class=\"bt_bb_cell_inner\"><div class=\"bt_bb_row_wrapper bt_bb_row_push_right bt_bb_row_push_left bt_bb_row_width_boxed_1200\"><div  class=\"bt_bb_row\"  data-bt-override-class=\"{}\"><div data-bb-version=\"4.7.6\"  class=\"bt_bb_column col-xxl-3 col-xl-3 btLightSkin bt_bb_vertical_align_top bt_bb_align_center bt_bb_padding_40\" style=\"background-color:rgba(241, 241, 241, 1);\" data-width=\"3\" data-bt-override-class=\"{&quot;bt_bb_align_&quot;:{&quot;current_class&quot;:&quot;bt_bb_align_center&quot;,&quot;xxl&quot;:&quot;center&quot;},&quot;bt_bb_padding_&quot;:{&quot;current_class&quot;:&quot;bt_bb_padding_40&quot;,&quot;xxl&quot;:&quot;40&quot;}}\"><div class=\"bt_bb_column_content\"><div class=\"bt_bb_column_content_inner\"><div class=\"bt_bb_separator bt_bb_border_style_none bt_bb_bottom_spacing_40\" data-bt-override-class=\"null\"><\/div><div class=\"bt_bb_separator bt_bb_border_style_none bt_bb_bottom_spacing_40 bt_bb_hidden_xs bt_bb_hidden_ms bt_bb_hidden_sm\" data-bt-override-class=\"null\"><\/div><div data-bb-version=\"4.8.4\" class=\"bt_bb_image bt_bb_shape_square bt_bb_align_inherit bt_bb_hover_style_simple bt_bb_content_display_always bt_bb_content_align_middle bt_bb_remove_padding_yes bt_bb_fill_background_color_full bt_bb_animation_fade_in animate\" style=\"max-width: 195px;\" data-bt-override-class=\"{&quot;bt_bb_align_&quot;:{&quot;current_class&quot;:&quot;bt_bb_align_inherit&quot;,&quot;xxl&quot;:&quot;inherit&quot;}}\"><span><img src = \"https:\/\/orbisiplaw.com\/wp-content\/plugins\/bold-page-builder\/img\/blank.gif\" data-full_image_src=\"https:\/\/orbisiplaw.com\/wp-content\/uploads\/2024\/02\/logositesiyah.fw_-2.png\" data-image_src=\"https:\/\/orbisiplaw.com\/wp-content\/uploads\/2024\/02\/logositesiyah.fw_-2.png\" title=\"logositesiyah.fw\" alt=\"https:\/\/orbisiplaw.com\/wp-content\/uploads\/2024\/02\/logositesiyah.fw_-2.png\" class=\"btLazyLoadImage\"><\/span><\/div><div data-bb-version=\"4.8.4\" class=\"bt_bb_separator bt_bb_border_style_none bt_bb_top_spacing_ bt_bb_bottom_spacing_50\" data-bt-override-class=\"{&quot;bt_bb_top_spacing_&quot;:{&quot;current_class&quot;:&quot;bt_bb_top_spacing_&quot;,&quot;xxl&quot;:&quot;&quot;},&quot;bt_bb_bottom_spacing_&quot;:{&quot;current_class&quot;:&quot;bt_bb_bottom_spacing_50&quot;,&quot;xxl&quot;:&quot;50&quot;}}\"><\/div><div data-bb-version=\"4.8.4\" class=\"bt_bb_icon bt_bb_color_scheme_5 bt_bb_style_borderless bt_bb_size_small bt_bb_shape_circle bt_bb_target_blank bt_bb_text_empty bt_bb_align_inherit\" style=\"; --primary-color:#000000; --secondary-color:#00a0dd;\" data-bt-override-class=\"{&quot;bt_bb_size_&quot;:{&quot;current_class&quot;:&quot;bt_bb_size_small&quot;,&quot;xxl&quot;:&quot;small&quot;},&quot;bt_bb_align_&quot;:{&quot;current_class&quot;:&quot;bt_bb_align_inherit&quot;,&quot;xxl&quot;:&quot;inherit&quot;}}\"><a href=\"#\"  target=\"_blank\"   data-ico-fontawesome5brands=\"&#xf39e;\" class=\"bt_bb_icon_holder\"><\/a><\/div><div data-bb-version=\"4.8.4\" class=\"bt_bb_icon bt_bb_color_scheme_5 bt_bb_style_borderless bt_bb_size_small bt_bb_shape_circle bt_bb_target_blank bt_bb_text_empty bt_bb_align_inherit\" style=\"margin-left: .65em;; --primary-color:#000000; --secondary-color:#00a0dd;\" data-bt-override-class=\"{&quot;bt_bb_size_&quot;:{&quot;current_class&quot;:&quot;bt_bb_size_small&quot;,&quot;xxl&quot;:&quot;small&quot;},&quot;bt_bb_align_&quot;:{&quot;current_class&quot;:&quot;bt_bb_align_inherit&quot;,&quot;xxl&quot;:&quot;inherit&quot;}}\"><a href=\"#\"  target=\"_blank\"   data-ico-fontawesome5brands=\"&#xf099;\" class=\"bt_bb_icon_holder\"><\/a><\/div><div data-bb-version=\"4.8.4\" class=\"bt_bb_icon bt_bb_color_scheme_5 bt_bb_style_borderless bt_bb_size_small bt_bb_shape_circle bt_bb_target_blank bt_bb_text_empty bt_bb_align_inherit\" style=\"margin-left: .65em;; --primary-color:#000000; --secondary-color:#00a0dd;\" data-bt-override-class=\"{&quot;bt_bb_size_&quot;:{&quot;current_class&quot;:&quot;bt_bb_size_small&quot;,&quot;xxl&quot;:&quot;small&quot;},&quot;bt_bb_align_&quot;:{&quot;current_class&quot;:&quot;bt_bb_align_inherit&quot;,&quot;xxl&quot;:&quot;inherit&quot;}}\"><a href=\"https:\/\/www.instagram.com\/orbispatent\/\"  target=\"_blank\"   data-ico-fontawesome5brands=\"&#xf16d;\" class=\"bt_bb_icon_holder\"><\/a><\/div><div data-bb-version=\"4.8.4\" class=\"bt_bb_icon bt_bb_color_scheme_5 bt_bb_style_borderless bt_bb_size_small bt_bb_shape_circle bt_bb_target_blank bt_bb_text_empty bt_bb_align_inherit\" style=\"margin-left: .65em;; --primary-color:#000000; --secondary-color:#00a0dd;\" data-bt-override-class=\"{&quot;bt_bb_size_&quot;:{&quot;current_class&quot;:&quot;bt_bb_size_small&quot;,&quot;xxl&quot;:&quot;small&quot;},&quot;bt_bb_align_&quot;:{&quot;current_class&quot;:&quot;bt_bb_align_inherit&quot;,&quot;xxl&quot;:&quot;inherit&quot;}}\"><a href=\"https:\/\/www.linkedin.com\/company\/orbis-vista-intellectual-property-&amp;-law-group\/mycompany\/?viewAsMember=true\"  target=\"_blank\"   data-ico-fontawesome5brands=\"&#xf0e1;\" class=\"bt_bb_icon_holder\"><\/a><\/div><div data-bb-version=\"4.8.4\" class=\"bt_bb_separator bt_bb_border_style_none bt_bb_top_spacing_ bt_bb_bottom_spacing_60\" data-bt-override-class=\"{&quot;bt_bb_top_spacing_&quot;:{&quot;current_class&quot;:&quot;bt_bb_top_spacing_&quot;,&quot;xxl&quot;:&quot;&quot;},&quot;bt_bb_bottom_spacing_&quot;:{&quot;current_class&quot;:&quot;bt_bb_bottom_spacing_60&quot;,&quot;xxl&quot;:&quot;60&quot;}}\"><\/div><div data-bb-version=\"4.7.6\" class=\"bt_bb_image bt_bb_shape_square bt_bb_align_inherit bt_bb_hover_style_simple bt_bb_content_display_always bt_bb_content_align_middle bt_bb_remove_padding_yes bt_bb_fill_background_color_full\" style=\"max-width: 195px;\" data-bt-override-class=\"{&quot;bt_bb_align_&quot;:{&quot;current_class&quot;:&quot;bt_bb_align_inherit&quot;,&quot;xxl&quot;:&quot;inherit&quot;}}\"><span><img src = \"https:\/\/orbisiplaw.com\/wp-content\/plugins\/bold-page-builder\/img\/blank.gif\" data-full_image_src=\"https:\/\/orbisiplaw.com\/wp-content\/uploads\/2024\/02\/uyelikler.fw_.png\" data-image_src=\"https:\/\/orbisiplaw.com\/wp-content\/uploads\/2024\/02\/uyelikler.fw_.png\" title=\"uyelikler.fw\" alt=\"https:\/\/orbisiplaw.com\/wp-content\/uploads\/2024\/02\/uyelikler.fw_.png\" class=\"btLazyLoadImage\"><\/span><\/div><div class=\"bt_bb_separator bt_bb_border_style_none bt_bb_bottom_spacing_40\" data-bt-override-class=\"null\"><\/div><\/div><\/div><\/div><div  class=\"bt_bb_column col-xxl-9 col-xl-9 bt_bb_vertical_align_top bt_bb_align_left bt_bb_padding_10\"  data-width=\"9\" data-bt-override-class=\"{}\"><div class=\"bt_bb_column_content\"><div class=\"bt_bb_column_content_inner\"><div class=\"bt_bb_separator bt_bb_border_style_none bt_bb_bottom_spacing_40\" data-bt-override-class=\"null\"><\/div><div class=\"bt_bb_separator bt_bb_border_style_none bt_bb_bottom_spacing_50 bt_bb_hidden_xs bt_bb_hidden_ms bt_bb_hidden_sm\" data-bt-override-class=\"null\"><\/div><div class=\"bt_bb_row_wrapper\"><div  class=\"bt_bb_row_inner\"  data-bt-override-class=\"{}\"><div data-bb-version=\"4.7.6\"  class=\"bt_bb_column_inner col-xxl-4 col-xl-4 col-xs-12 col-sm-12 col-md-12 col-lg-4 bt_bb_vertical_align_top bt_bb_align_left bt_bb_padding_normal bt_bb_animation_move_up animate\"  data-width=\"4\" data-bt-override-class=\"{&quot;bt_bb_align_&quot;:{&quot;current_class&quot;:&quot;bt_bb_align_left&quot;,&quot;xxl&quot;:&quot;left&quot;},&quot;bt_bb_padding_&quot;:{&quot;current_class&quot;:&quot;bt_bb_padding_normal&quot;,&quot;xxl&quot;:&quot;normal&quot;}}\"><div class=\"bt_bb_column_inner_content\"><header data-bb-version=\"4.7.6\" class=\"bt_bb_headline bt_bb_color_scheme_5 bt_bb_dash_none bt_bb_size_small bt_bb_align_inherit\" style=\"; --headline-primary-color:#000000; --headline-secondary-color:#00a0dd;\" data-bt-override-class=\"{&quot;bt_bb_size_&quot;:{&quot;current_class&quot;:&quot;bt_bb_size_small&quot;,&quot;xxl&quot;:&quot;small&quot;},&quot;bt_bb_align_&quot;:{&quot;current_class&quot;:&quot;bt_bb_align_inherit&quot;,&quot;xxl&quot;:&quot;inherit&quot;}}\"><h4><span class=\"bt_bb_headline_content\"><span>Hizmetlerimiz<\/span><\/span><\/h4><\/header><div class=\"bt_bb_separator bt_bb_border_style_none bt_bb_bottom_spacing_40\" data-bt-override-class=\"null\"><\/div><div data-bb-version=\"4.7.6\" class=\"bt_bb_custom_menu btBulletedMenu btDarkBullets btLightFontMenu bt_bb_direction_vertical\"><div class=\"menu-hizmetler-container\"><ul id=\"menu-hizmetler\" class=\"menu\"><li id=\"menu-item-1833\" class=\"menu-item menu-item-type-post_type menu-item-object-page menu-item-1833\"><a href=\"https:\/\/orbisiplaw.com\/tr\/marka-3\/\">Marka<\/a><\/li>\n<li id=\"menu-item-1834\" class=\"menu-item menu-item-type-post_type menu-item-object-page menu-item-1834\"><a href=\"https:\/\/orbisiplaw.com\/tr\/patent\/\">Patent<\/a><\/li>\n<li id=\"menu-item-1836\" class=\"menu-item menu-item-type-post_type menu-item-object-page menu-item-1836\"><a href=\"https:\/\/orbisiplaw.com\/tr\/tasarim-2\/\">Tasar\u0131m<\/a><\/li>\n<li id=\"menu-item-2245\" class=\"menu-item menu-item-type-custom menu-item-object-custom menu-item-2245\"><a href=\"#\">Bitki Islah\u00e7\u0131 Haklar\u0131<\/a><\/li>\n<li id=\"menu-item-2246\" class=\"menu-item menu-item-type-custom menu-item-object-custom menu-item-2246\"><a href=\"#\">Co\u011frafi \u0130\u015faretler<\/a><\/li>\n<li id=\"menu-item-1830\" class=\"menu-item menu-item-type-post_type menu-item-object-page menu-item-1830\"><a href=\"https:\/\/orbisiplaw.com\/tr\/alanadlari\/\">Alan Adlar\u0131<\/a><\/li>\n<li id=\"menu-item-1837\" class=\"menu-item menu-item-type-post_type menu-item-object-page menu-item-1837\"><a href=\"https:\/\/orbisiplaw.com\/tr\/telifhaklari\/\">Telif Haklar\u0131<\/a><\/li>\n<li id=\"menu-item-1835\" class=\"menu-item menu-item-type-post_type menu-item-object-page menu-item-1835\"><a href=\"https:\/\/orbisiplaw.com\/tr\/portfoyyonetimi\/\">Portf\u00f6y Y\u00f6netimi<\/a><\/li>\n<\/ul><\/div><\/div><div class=\"bt_bb_separator bt_bb_border_style_none bt_bb_bottom_spacing_40\" data-bt-override-class=\"null\"><\/div><\/div><\/div><div data-bb-version=\"4.7.6\"  class=\"bt_bb_column_inner col-xxl-4 col-xl-4 col-xs-12 col-sm-12 col-md-12 col-lg-4 bt_bb_vertical_align_top bt_bb_align_left bt_bb_padding_normal bt_bb_animation_move_up animate\"  data-width=\"4\" data-bt-override-class=\"{&quot;bt_bb_align_&quot;:{&quot;current_class&quot;:&quot;bt_bb_align_left&quot;,&quot;xxl&quot;:&quot;left&quot;},&quot;bt_bb_padding_&quot;:{&quot;current_class&quot;:&quot;bt_bb_padding_normal&quot;,&quot;xxl&quot;:&quot;normal&quot;}}\"><div class=\"bt_bb_column_inner_content\"><header data-bb-version=\"4.7.6\" class=\"bt_bb_headline bt_bb_color_scheme_5 bt_bb_dash_none bt_bb_size_small bt_bb_align_inherit\" style=\"; --headline-primary-color:#000000; --headline-secondary-color:#00a0dd;\" data-bt-override-class=\"{&quot;bt_bb_size_&quot;:{&quot;current_class&quot;:&quot;bt_bb_size_small&quot;,&quot;xxl&quot;:&quot;small&quot;},&quot;bt_bb_align_&quot;:{&quot;current_class&quot;:&quot;bt_bb_align_inherit&quot;,&quot;xxl&quot;:&quot;inherit&quot;}}\"><h4><span class=\"bt_bb_headline_content\"><span>Hukuk<\/span><\/span><\/h4><\/header><div class=\"bt_bb_separator bt_bb_border_style_none bt_bb_bottom_spacing_40\" data-bt-override-class=\"null\"><\/div><div data-bb-version=\"4.7.6\" class=\"bt_bb_custom_menu btBulletedMenu btDarkBullets btLightFontMenu bt_bb_direction_vertical\"><div class=\"menu-hukuk-container\"><ul id=\"menu-hukuk\" class=\"menu\"><li id=\"menu-item-1841\" class=\"menu-item menu-item-type-post_type menu-item-object-page menu-item-1841\"><a href=\"https:\/\/orbisiplaw.com\/tr\/haksizrekabet\/\">Haks\u0131z Rekabet<\/a><\/li>\n<li id=\"menu-item-1840\" class=\"menu-item menu-item-type-post_type menu-item-object-page menu-item-1840\"><a href=\"https:\/\/orbisiplaw.com\/tr\/fikri-sinai-mulkiyet-davalari\/\">Fikri &#038; S\u0131nai M\u00fclkiyet Davalar\u0131<\/a><\/li>\n<li id=\"menu-item-1843\" class=\"menu-item menu-item-type-post_type menu-item-object-page menu-item-1843\"><a href=\"https:\/\/orbisiplaw.com\/tr\/sahtecilikle-mucadele-gumruk-korumasi\/\">Sahtecilikle M\u00fccadele &#038; G\u00fcmr\u00fck Korumas\u0131<\/a><\/li>\n<li id=\"menu-item-1838\" class=\"menu-item menu-item-type-post_type menu-item-object-page menu-item-1838\"><a href=\"https:\/\/orbisiplaw.com\/tr\/telif-haklari-davasi\/\">Telif Haklar\u0131 Davas\u0131<\/a><\/li>\n<li id=\"menu-item-1839\" class=\"menu-item menu-item-type-post_type menu-item-object-page menu-item-1839\"><a href=\"https:\/\/orbisiplaw.com\/tr\/alanadidavalari\/\">Alan Ad\u0131 Davalar\u0131<\/a><\/li>\n<\/ul><\/div><\/div><div class=\"bt_bb_separator bt_bb_border_style_none bt_bb_bottom_spacing_40\" data-bt-override-class=\"null\"><\/div><div data-bb-version=\"4.7.6\"  class=\"bt_bb_text\" ><p><a href=\"\/gizlilik-politikasi\/\">Gizlilik Politikas\u0131 <\/a><\/p>\n<p><a href=\"\/cerez\/\">\u00c7erez Politikas\u0131<\/a><\/p>\n<\/div><\/div><\/div><div data-bb-version=\"4.7.6\"  class=\"bt_bb_column_inner col-xxl-4 col-xl-4 col-xs-12 col-sm-12 col-md-12 col-lg-4 bt_bb_vertical_align_top bt_bb_align_left bt_bb_padding_normal bt_bb_animation_move_up animate\"  data-width=\"4\" data-bt-override-class=\"{&quot;bt_bb_align_&quot;:{&quot;current_class&quot;:&quot;bt_bb_align_left&quot;,&quot;xxl&quot;:&quot;left&quot;},&quot;bt_bb_padding_&quot;:{&quot;current_class&quot;:&quot;bt_bb_padding_normal&quot;,&quot;xxl&quot;:&quot;normal&quot;}}\"><div class=\"bt_bb_column_inner_content\"><header data-bb-version=\"4.7.6\" class=\"bt_bb_headline bt_bb_color_scheme_5 bt_bb_dash_none bt_bb_size_small bt_bb_align_inherit\" style=\"; --headline-primary-color:#000000; --headline-secondary-color:#00a0dd;\" data-bt-override-class=\"{&quot;bt_bb_size_&quot;:{&quot;current_class&quot;:&quot;bt_bb_size_small&quot;,&quot;xxl&quot;:&quot;small&quot;},&quot;bt_bb_align_&quot;:{&quot;current_class&quot;:&quot;bt_bb_align_inherit&quot;,&quot;xxl&quot;:&quot;inherit&quot;}}\"><h4><span class=\"bt_bb_headline_content\"><span>Terc\u00fcme<\/span><\/span><\/h4><\/header><div class=\"bt_bb_separator bt_bb_border_style_none bt_bb_bottom_spacing_40\" data-bt-override-class=\"null\"><\/div><div data-bb-version=\"4.7.6\" class=\"bt_bb_custom_menu btBulletedMenu btDarkBullets btLightFontMenu bt_bb_direction_vertical\"><div class=\"menu-tercume-container\"><ul id=\"menu-tercume\" class=\"menu\"><li id=\"menu-item-2247\" class=\"menu-item menu-item-type-custom menu-item-object-custom menu-item-2247\"><a href=\"#\">Genel Terc\u00fcme Hizmetleri<\/a><\/li>\n<li id=\"menu-item-2248\" class=\"menu-item menu-item-type-custom menu-item-object-custom menu-item-2248\"><a href=\"#\">Teknik Patent Terc\u00fcmeleri<\/a><\/li>\n<li id=\"menu-item-2249\" class=\"menu-item menu-item-type-custom menu-item-object-custom menu-item-2249\"><a href=\"#\">Hukuki Metinlerin Terc\u00fcmesi<\/a><\/li>\n<li id=\"menu-item-2250\" class=\"menu-item menu-item-type-custom menu-item-object-custom menu-item-2250\"><a href=\"#\">Terc\u00fcme Kontrol\u00fc<\/a><\/li>\n<\/ul><\/div><\/div><div data-bb-version=\"4.7.6\" class=\"bt_bb_separator bt_bb_border_style_none bt_bb_top_spacing_ bt_bb_bottom_spacing_90\" data-bt-override-class=\"{&quot;bt_bb_top_spacing_&quot;:{&quot;current_class&quot;:&quot;bt_bb_top_spacing_&quot;,&quot;xxl&quot;:&quot;&quot;},&quot;bt_bb_bottom_spacing_&quot;:{&quot;current_class&quot;:&quot;bt_bb_bottom_spacing_90&quot;,&quot;xxl&quot;:&quot;90&quot;}}\"><\/div><div data-bb-version=\"4.7.6\"  class=\"bt_bb_text\" ><p>Sitede yer alan baz\u0131 fotolar <a href=\"https:\/\/www.freepik.com\/free-photo\/front-view-using-wax-seal-graduation-diploma-certificate_11329060.htm#query=marka%20patent%20dava&amp;position=3&amp;from_view=search&amp;track=ais&amp;uuid=590142e8-e72d-44ed-ba77-53a434bf0fa4\">Freepik<\/a>&#8216;ten al\u0131nm\u0131\u015ft\u0131r.<\/p>\n<\/div><\/div><\/div><\/div><\/div><div class=\"bt_bb_separator bt_bb_border_style_none bt_bb_bottom_spacing_40 bt_bb_hidden_xs bt_bb_hidden_ms bt_bb_hidden_sm\" data-bt-override-class=\"null\"><\/div><\/div><\/div><\/div><\/div><\/div><\/div><!-- cell_inner --><\/div><!-- cell --><\/div><!-- port --><\/section>","protected":false},"excerpt":{"rendered":"","protected":false},"author":2,"featured_media":0,"parent":0,"menu_order":0,"comment_status":"closed","ping_status":"closed","template":"","meta":{"footnotes":""},"class_list":["post-460","page","type-page","status-publish","hentry"],"_links":{"self":[{"href":"https:\/\/orbisiplaw.com\/tr\/wp-json\/wp\/v2\/pages\/460\/"}],"collection":[{"href":"https:\/\/orbisiplaw.com\/tr\/wp-json\/wp\/v2\/pages\/"}],"about":[{"href":"https:\/\/orbisiplaw.com\/tr\/wp-json\/wp\/v2\/types\/page\/"}],"author":[{"embeddable":true,"href":"https:\/\/orbisiplaw.com\/tr\/wp-json\/wp\/v2\/users\/2\/"}],"replies":[{"embeddable":true,"href":"https:\/\/orbisiplaw.com\/tr\/wp-json\/wp\/v2\/comments\/?post=460"}],"version-history":[{"count":41,"href":"https:\/\/orbisiplaw.com\/tr\/wp-json\/wp\/v2\/pages\/460\/revisions\/"}],"predecessor-version":[{"id":2512,"href":"https:\/\/orbisiplaw.com\/tr\/wp-json\/wp\/v2\/pages\/460\/revisions\/2512\/"}],"wp:attachment":[{"href":"https:\/\/orbisiplaw.com\/tr\/wp-json\/wp\/v2\/media\/?parent=460"}],"curies":[{"name":"wp","href":"https:\/\/api.w.org\/{rel}","templated":true}]}}