{"id":2113,"date":"2024-02-12T18:14:01","date_gmt":"2024-02-12T15:14:01","guid":{"rendered":"https:\/\/orbisiplaw.com\/?page_id=2113"},"modified":"2024-02-12T18:20:08","modified_gmt":"2024-02-12T15:20:08","slug":"gizlilik-politikasi","status":"publish","type":"page","link":"https:\/\/orbisiplaw.com\/tr\/gizlilik-politikasi\/","title":{"rendered":"Gizlilik Politikas\u0131"},"content":{"rendered":"<section data-bb-version=\"4.7.6\" id=\"bt_bb_section69e47cf64f3c8\" class=\"bt_bb_section bt_bb_color_scheme_11 bt_bb_layout_boxed_1200 bt_bb_vertical_align_top bt_bb_background_overlay_dark_solid bt_bb_top_spacing_extra_large bt_bb_bottom_spacing_large bt_bb_negative_margin_ bt-dark-skin\" style=\"; --section-primary-color:#ffffff; --section-secondary-color:#000000;\" data-bt-override-class=\"{&quot;bt_bb_top_spacing_&quot;:{&quot;current_class&quot;:&quot;bt_bb_top_spacing_extra_large&quot;,&quot;xxl&quot;:&quot;extra_large&quot;},&quot;bt_bb_bottom_spacing_&quot;:{&quot;current_class&quot;:&quot;bt_bb_bottom_spacing_large&quot;,&quot;xxl&quot;:&quot;large&quot;},&quot;bt_bb_negative_margin_&quot;:{&quot;current_class&quot;:&quot;bt_bb_negative_margin_&quot;,&quot;xxl&quot;:&quot;&quot;}}\"><div class=\"bt_bb_background_image_holder_wrapper\"><div class=\"bt_bb_background_image_holder btLazyLoadBackground\"  data-background_image_src=\"https:\/\/orbisiplaw.com\/wp-content\/uploads\/2024\/01\/slide3.jpg\" data-parallax-zoom-start=\"1\" data-parallax-zoom-end=\"1\" data-parallax-blur-start=\"0\" data-parallax-blur-end=\"0\" data-parallax-opacity-start=\"1\" data-parallax-opacity-end=\"1\" style=\" background-image: url(&#039;https:\/\/orbisiplaw.com\/wp-content\/plugins\/bold-page-builder\/img\/blank.gif&#039;);\"><\/div><\/div><div class=\"bt_bb_port\"><div class=\"bt_bb_cell\"><div class=\"bt_bb_cell_inner\"><div class=\"bt_bb_row_wrapper\"><div  class=\"bt_bb_row\"  data-bt-override-class=\"{}\"><div  class=\"bt_bb_column col-xxl-6 col-xl-6 bt_bb_vertical_align_top bt_bb_align_left bt_bb_padding_normal bt_bb_animation_fade_in bt_bb_animation_zoom_out animate\"  data-width=\"6\" data-bt-override-class=\"{}\"><div class=\"bt_bb_column_content\"><div class=\"bt_bb_column_content_inner\"><header data-bb-version=\"4.7.6\" class=\"bt_bb_headline bt_bb_dash_top bt_bb_superheadline bt_bb_size_large bt_bb_align_inherit\" data-bt-override-class=\"{&quot;bt_bb_size_&quot;:{&quot;current_class&quot;:&quot;bt_bb_size_large&quot;,&quot;xxl&quot;:&quot;large&quot;},&quot;bt_bb_align_&quot;:{&quot;current_class&quot;:&quot;bt_bb_align_inherit&quot;,&quot;xxl&quot;:&quot;inherit&quot;}}\"><h1><span class=\"bt_bb_headline_superheadline\"><span>ORBIS IP & Law<\/span><\/span><span class=\"bt_bb_headline_content\"><span>Gizlilik Politikas\u0131<span class=\"bt_bb_outline_text bt_bb_outline_text_align_left bt_bb_outline_text_size_300\"><span>ORBIS IP &amp; Law<\/span><\/span><\/span><\/span><\/h1><\/header><div class=\"bt_bb_separator bt_bb_border_style_none bt_bb_bottom_spacing_60\" data-bt-override-class=\"null\"><\/div><\/div><\/div><\/div><div  class=\"bt_bb_column col-xxl-6 col-xl-6 bt_bb_vertical_align_top bt_bb_align_right bt_bb_padding_40 bt_bb_animation_fade_in bt_bb_animation_zoom_out animate\"  data-width=\"6\" data-bt-override-class=\"{}\"><div class=\"bt_bb_column_content\"><div class=\"bt_bb_column_content_inner\"><\/div><\/div><\/div><\/div><\/div><\/div><!-- cell_inner --><\/div><!-- cell --><\/div><!-- port --><\/section><section id=\"bt_bb_section69e47cf64f715\" class=\"bt_bb_section bt_bb_layout_wide bt_bb_vertical_align_top bt_bb_top_spacing_100\"  data-bt-override-class=\"null\"><div class=\"bt_bb_port\"><div class=\"bt_bb_cell\"><div class=\"bt_bb_cell_inner\"><div class=\"bt_bb_row_wrapper bt_bb_row_push_right bt_bb_content_wide bt_bb_row_width_boxed_1200\"><div  class=\"bt_bb_row\"  data-bt-override-class=\"{}\"><div  class=\"bt_bb_column col-xxl-8 col-xl-8 bt_bb_vertical_align_top bt_bb_align_left bt_bb_padding_normal bt_bb_animation_fade_in animate\"  data-width=\"8\" data-bt-override-class=\"{}\"><div class=\"bt_bb_column_content\"><div class=\"bt_bb_column_content_inner\"><div class=\"bt_bb_row_wrapper\"><div  class=\"bt_bb_row_inner\"  data-bt-override-class=\"{}\"><div  class=\"bt_bb_column_inner col-xxl-9 col-xl-9 bt_bb_vertical_align_top bt_bb_align_left bt_bb_padding_normal\"  data-width=\"9\" data-bt-override-class=\"{}\"><div class=\"bt_bb_column_inner_content\"><header data-bb-version=\"4.7.6\" class=\"bt_bb_headline bt_bb_dash_top bt_bb_superheadline bt_bb_size_medium bt_bb_align_inherit\" data-bt-override-class=\"{&quot;bt_bb_size_&quot;:{&quot;current_class&quot;:&quot;bt_bb_size_medium&quot;,&quot;xxl&quot;:&quot;medium&quot;},&quot;bt_bb_align_&quot;:{&quot;current_class&quot;:&quot;bt_bb_align_inherit&quot;,&quot;xxl&quot;:&quot;inherit&quot;}}\"><h1><span class=\"bt_bb_headline_superheadline\"><span>ORBIS IP & Law<\/span><\/span><span class=\"bt_bb_headline_content\"><span>G\u0130ZL\u0130L\u0130K POL\u0130T\u0130KASI<span class=\"bt_bb_outline_text bt_bb_outline_text_align_left bt_bb_outline_text_size_inherit\"><span>ORBIS <\/span><\/span><\/span><\/span><\/h1><\/header><div class=\"bt_bb_separator bt_bb_border_style_none bt_bb_bottom_spacing_60\" data-bt-override-class=\"null\"><\/div><div data-bb-version=\"4.7.6\"  class=\"bt_bb_text\" ><p class=\"has-text-align-center\"><strong>G\u0130ZL\u0130L\u0130K VE K\u0130\u015e\u0130SEL VER\u0130LER\u0130 KORUMA POL\u0130T\u0130KASI\u00a0<\/strong><\/p>\n<p><em><strong>orbisiplaw.com<\/strong> <\/em>ve <strong><em>orbisiplaw.com.tr<\/em>\u00a0<\/strong> olarak ki\u015fisel verilerinizin g\u00fcvenli\u011fi hususuna azami hassasiyet g\u00f6stermekteyiz. Ki\u015fisel verileriniz 6698 say\u0131l\u0131 Ki\u015fisel Verilerin Korunmas\u0131 Kanunu (\u201cKVKK\u201d)\u2019na uygun olarak i\u015flenmekte ve muhafaza edilmektedir.<\/p>\n<p>1.\u00a0<strong>Ki\u015fisel Verilerinizin Ne \u015eekilde \u0130\u015flenebilece\u011fi<\/strong><\/p>\n<p>6698 say\u0131l\u0131 KVKK uyar\u0131nca, ornekalanadi.com ile payla\u015ft\u0131\u011f\u0131n\u0131z ki\u015fisel verileriniz, tamamen veya k\u0131smen, otomatik olarak veyahut herhangi bir veri kay\u0131t sisteminin par\u00e7as\u0131 olmak kayd\u0131yla otomatik olmayan yollarla elde edilerek, kaydedilerek, depolanarak, de\u011fi\u015ftirilerek, yeniden d\u00fczenlenerek, k\u0131sacas\u0131 veriler \u00fczerinde ger\u00e7ekle\u015ftirilen her t\u00fcrl\u00fc i\u015fleme konu olarak taraf\u0131m\u0131zdan i\u015flenebilecektir. KVKK kapsam\u0131nda veriler \u00fczerinde ger\u00e7ekle\u015ftirilen her t\u00fcrl\u00fc i\u015flem \u201cki\u015fisel verilerin i\u015flenmesi\u201d olarak kabul edilmektedir.<\/p>\n<p>2.\u00a0<strong>Ki\u015fisel Verilerinizin \u0130\u015flenme Ama\u00e7lar\u0131 Ve Hukuki Sebepleri<\/strong><\/p>\n<p>Payla\u015ft\u0131\u011f\u0131n\u0131z ki\u015fisel veriler,<\/p>\n<ul>\n<li>M\u00fc\u015fterilerimize verdi\u011fimiz hizmetlerin gereklerini, s\u00f6zle\u015fmenin ve teknolojinin gereklerine uygun \u015fekilde yapabilmek, sunulan \u00fcr\u00fcn ve hizmetlerimizi geli\u015ftirebilmek i\u00e7in;<\/li>\n<li>Kamu g\u00fcvenli\u011fine ili\u015fkin hususlarda ve hukuki uyu\u015fmazl\u0131klarda, talep halinde ve mevzuat gere\u011fi savc\u0131l\u0131klara, mahkemelere ve ilgili kamu g\u00f6revlilerine bilgi verebilmek i\u00e7in;<\/li>\n<li>\u00dcyelerimize geni\u015f kapsamda \u00e7e\u015fitli imk\u00e2nlar sunabilmek veya bu imk\u00e2nlar\u0131 sunabilecek ki\u015fi veya kurumlarla yasal \u00e7er\u00e7evede payla\u015fabilmek i\u00e7in;<\/li>\n<li>Reklam tercihlerini analiz etmek i\u00e7in,<\/li>\n<\/ul>\n<p>6698 say\u0131l\u0131 KVKK ve ilgili ikincil d\u00fczenlemelere uygun olarak i\u015flenecektir.<\/p>\n<p>3.\u00a0<strong>Ki\u015fisel Verilerinizin Aktar\u0131labilece\u011fi \u00dc\u00e7\u00fcnc\u00fc Ki\u015fi Veya Kurulu\u015flar Hakk\u0131nda Bilgilendirme<\/strong><\/p>\n<p>Yukar\u0131da belirtilen ama\u00e7larla, orbisiplaw.com veya orbisiplaw.com.tr sitesinde\u00a0 payla\u015ft\u0131\u011f\u0131n\u0131z ki\u015fisel verilerinizin aktar\u0131labilece\u011fi ki\u015fi \/ kurulu\u015flar; ana hissedarlar\u0131m\u0131z, hissedarlar\u0131m\u0131z, reklam verenler, do\u011frudan veya dolayl\u0131 yurt i\u00e7i \/ yurt d\u0131\u015f\u0131 i\u015ftiraklerimiz; ba\u015fta ornekalanadi.com altyap\u0131s\u0131n\u0131 kullanan \u00fcye firmalar ve bunlarla s\u0131n\u0131rl\u0131 olmamak \u00fczere sunulan hizmet ile ilgili ki\u015fi ve kurulu\u015flar olmak \u00fczere, faaliyetlerimizi y\u00fcr\u00fctmek \u00fczere ve\/veya Veri \u0130\u015fleyen s\u0131fat\u0131 ile hizmet ald\u0131\u011f\u0131m\u0131z, i\u015f birli\u011fi yapt\u0131\u011f\u0131m\u0131z, program orta\u011f\u0131 kurulu\u015flar\u0131, yurti\u00e7i \/ yurtd\u0131\u015f\u0131 kurulu\u015flar ve di\u011fer 3. ki\u015filer ve kurulu\u015flard\u0131r.<\/p>\n<p>Reklam ama\u00e7l\u0131 kullan\u0131lacak \u00e7erezlere ili\u015fkin d\u00fczenlemelerimiz \u201c orbisiplaw.com ve orbisiplaw.com.tr \u00c7erez Politikas\u0131\u201d olup, \u015fu anda okudu\u011funuz \u201cGizlilik ve Ki\u015fisel Verilerin Korunmas\u0131 Politikas\u0131\u201dn\u0131n bir par\u00e7as\u0131n\u0131 olu\u015fturmaktad\u0131r. \u00c7erez Politikam\u0131z hakk\u0131nda bilgi edinmek i\u00e7in l\u00fctfen t\u0131klay\u0131n.<em>\u00a0(Gereken \u00e7erez politikas\u0131 \u00f6rne\u011fine belgenin en alt\u0131nda bulunan ba\u011flant\u0131 ile ula\u015fabilirsiniz)<\/em><\/p>\n<p>4.\u00a0<strong>Ki\u015fisel Verilerinizin Toplanma \u015eekli<\/strong><\/p>\n<p>Ki\u015fisel verileriniz,<\/p>\n<ul>\n<li>orbisiplaw.com ve orbisiplaw.com.tr\u00a0 internet sitesi ve mobil uygulamalar\u0131ndaki formlar ile ad, soyad, adres, telefon, i\u015f veya \u00f6zel e-posta adresi gibi bilgiler ile; kullan\u0131c\u0131 ad\u0131 ve \u015fifresi kullan\u0131larak giri\u015f yap\u0131lan sayfalardaki tercihleri, ger\u00e7ekle\u015ftirilen i\u015flemlerin IP kay\u0131tlar\u0131, taray\u0131c\u0131 taraf\u0131ndan toplanan \u00e7erez verileri ile gezinme s\u00fcre ve detaylar\u0131n\u0131 i\u00e7eren veriler, konum verileri \u015feklinde;<\/li>\n<li>orbisiplaw.com ve orbisiplaw.com.tr ile ticari ili\u015fki kurmak, i\u015f ba\u015fvurusu yapmak, teklif vermek gibi ama\u00e7larla, kartvizit, \u00f6zge\u00e7mi\u015f (cv), teklif vermek ve sair yollarla ki\u015fisel verilerini payla\u015fan ki\u015filerden al\u0131nan, fiziki veya sanal bir ortamda, y\u00fcz y\u00fcze ya da mesafeli, s\u00f6zl\u00fc veya yaz\u0131l\u0131 ya da elektronik ortamdan;<\/li>\n<li>Ayr\u0131ca farkl\u0131 kanallardan dolayl\u0131 yoldan elde edilen, web sitesi, blog, yar\u0131\u015fma, anket, oyun, kampanya ve benzeri ama\u00e7l\u0131 kullan\u0131lan (mikro) web sitelerinden ve sosyal medyadan elde edilen veriler, e-b\u00fclten okuma veya t\u0131klama hareketleri, kamuya a\u00e7\u0131k veri tabanlar\u0131n\u0131n sundu\u011fu veriler, sosyal medya platformlar\u0131 (Facebook, Twitter, Google, Instagram, Snapchat vs) gibi sosyal payla\u015f\u0131m sitelerinden payla\u015f\u0131ma a\u00e7\u0131k profil ve verilerden; i\u015flenebilmekte ve toplanabilmektedir.<\/li>\n<\/ul>\n<p>5.\u00a0<strong>KVKK Y\u00fcr\u00fcrl\u00fc\u011fe Girmeden \u00d6nce Elde Edilen Ki\u015fisel Verileriniz<\/strong><\/p>\n<p>orbisiplaw.com ve orbisiplaw.com.tr,\u00a0 KVKK\u2019nun y\u00fcr\u00fcrl\u00fck tarihi olan 7 Nisan 2016 tarihinden \u00f6nce yay\u0131m hayat\u0131na ba\u015flamad\u0131\u011f\u0131 i\u00e7in bu tarihten \u00f6nce depolad\u0131\u011f\u0131m\u0131z bir ki\u015fisel veri bulunmamaktad\u0131r.<\/p>\n<p>6.\u00a0<strong>Ki\u015fisel Verilerinizin Aktar\u0131lmas\u0131<\/strong><\/p>\n<p>T\u00fcrkiye\u2019de i\u015flenerek veya T\u00fcrkiye d\u0131\u015f\u0131nda i\u015flenip muhafaza edilmek \u00fczere, yukar\u0131da say\u0131lan y\u00f6ntemlerden herhangi birisi ile toplanm\u0131\u015f ki\u015fisel verileriniz KVKK kapsam\u0131nda kalmak kayd\u0131yla ve s\u00f6zle\u015fme ama\u00e7lar\u0131na uygun olarak yurtd\u0131\u015f\u0131nda bulunan (Ki\u015fisel Veriler Kurulu taraf\u0131ndan akredite edilen ve ki\u015fisel verilerin korunmas\u0131 hususunda yeterli koruman\u0131n bulundu\u011fu \u00fclkelere) hizmet arac\u0131lar\u0131na da aktar\u0131labilecektir.<\/p>\n<p>Ki\u015fisel Verileriniz;<\/p>\n<ul>\n<li>\u00dcr\u00fcn ve hizmetlerin sunulmas\u0131 ve tan\u0131t\u0131lmas\u0131 i\u00e7in i\u015fbirli\u011fi yap\u0131lan ve\/veya hizmet al\u0131nan i\u015f ortaklar\u0131m\u0131z,<\/li>\n<li>Acil yard\u0131m \u00e7a\u011fr\u0131s\u0131 halinde konumunuzu tespit edecek olan yetkili mercilere,<\/li>\n<li>D\u00fczenleyici ve denetleyici kurumlar ile mahkeme ve icra m\u00fcd\u00fcrl\u00fckleri gibi sair resmi kurumlara, ki\u015fisel verilerinizi talep etmeye yetkili olan di\u011fer kamu kurum veya kurulu\u015flar\u0131na,<\/li>\n<li>orbisiplaw.com ve orbisiplaw.com.tr ile ticari ili\u015fki i\u00e7inde bulunan ve telefon numaran\u0131za sahip t\u00fczel ki\u015filere,<\/li>\n<\/ul>\n<p>Gerekli g\u00f6r\u00fcld\u00fc\u011f\u00fc durumlarda aktar\u0131labilecektir.<\/p>\n<p>7.\u00a0<strong>Ki\u015fisel Verilerin Saklanmas\u0131 Ve Korunmas\u0131<\/strong><\/p>\n<p>orbisiplaw.com ve orbisiplaw.com.tr, ki\u015fisel verilerinizin bar\u0131nd\u0131\u011f\u0131 sistemleri ve veri tabanlar\u0131n\u0131, KVKK\u2019nun 12. Maddesi gere\u011fi ki\u015fisel verilerin hukuka ayk\u0131r\u0131 olarak i\u015flenmesini \u00f6nlemekle, yetkisiz ki\u015filerin eri\u015fimlerini engellemekle; muhafazalar\u0131n\u0131 sa\u011flamak amac\u0131yla hash, \u015fifreleme, i\u015flem kayd\u0131, eri\u015fim y\u00f6netimi gibi yaz\u0131l\u0131msal tedbirleri ve fiziksel g\u00fcvenlik \u00f6nlemleri almakla m\u00fckelleftir. Ki\u015fisel verilerin yasal olmayan yollarla ba\u015fkalar\u0131 taraf\u0131ndan elde edilmesinin \u00f6\u011frenilmesi halinde durum derhal, yasal d\u00fczenlemeye uygun ve yaz\u0131l\u0131 olarak Ki\u015fisel Verileri Koruma Kurulu\u2019na bildirilecektir.<\/p>\n<p>8.\u00a0<strong>Ki\u015fisel Verilerin G\u00fcncel Ve Do\u011fru Tutulmas\u0131<\/strong><\/p>\n<p>KVKK\u2019nun 4. maddesi uyar\u0131nca orbisiplaw.com ve orbisiplaw.com.tr \u2018nin ki\u015fisel verilerinizi do\u011fru ve g\u00fcncel olarak tutma y\u00fck\u00fcml\u00fcl\u00fc\u011f\u00fc bulunmaktad\u0131r. Bu kapsamda orbisiplaw.com ve orbisiplaw.com.tr\u2019nin y\u00fcr\u00fcrl\u00fckteki mevzuattan do\u011fan y\u00fck\u00fcml\u00fcl\u00fcklerini yerine getirebilmesi i\u00e7in \u00fcyelerimizin do\u011fru ve g\u00fcncel verilerini payla\u015fmas\u0131 veya web sitesi \/ mobil uygulama \u00fczerinden g\u00fcncellemesi gerekmektedir.<\/p>\n<p>9.\u00a0<strong>6698 Say\u0131l\u0131 Kvkk Uyar\u0131nca Ki\u015fisel Veri Sahibinin Haklar\u0131<\/strong><\/p>\n<p>6698 say\u0131l\u0131 KVKK 11.maddesi 07 Ekim 2016 tarihinde y\u00fcr\u00fcrl\u00fc\u011fe girmi\u015f olup ilgili madde gere\u011fince, Ki\u015fisel Veri Sahibi\u2019nin bu tarihten sonraki haklar\u0131 a\u015fa\u011f\u0131daki gibidir:<\/p>\n<ul>\n<li>Ki\u015fisel Veri Sahibi, orbisiplaw.com ve orbisiplaw.com.tr\u2019ye (veri sorumlusu) ba\u015fvurarak kendisiyle ilgili;<\/li>\n<li>Ki\u015fisel veri i\u015flenip i\u015flenmedi\u011fini \u00f6\u011frenme,<\/li>\n<li>Ki\u015fisel verileri i\u015flenmi\u015fse buna ili\u015fkin bilgi talep etme,<\/li>\n<li>Ki\u015fisel verilerin i\u015flenme amac\u0131n\u0131 ve bunlar\u0131n amac\u0131na uygun kullan\u0131l\u0131p kullan\u0131lmad\u0131\u011f\u0131n\u0131 \u00f6\u011frenme,<\/li>\n<li>Yurt i\u00e7inde veya yurt d\u0131\u015f\u0131nda ki\u015fisel verilerin aktar\u0131ld\u0131\u011f\u0131 \u00fc\u00e7\u00fcnc\u00fc ki\u015fileri bilme,<\/li>\n<li>Ki\u015fisel verilerin eksik veya yanl\u0131\u015f i\u015flenmi\u015f olmas\u0131 h\u00e2linde bunlar\u0131n d\u00fczeltilmesini isteme,<\/li>\n<li>KVKK\u2019nun 7. maddesinde \u00f6ng\u00f6r\u00fclen \u015fartlar \u00e7er\u00e7evesinde ki\u015fisel verilerin silinmesini veya yok edilmesini isteme,<\/li>\n<li>Ki\u015fisel verilerin d\u00fczeltilmesi, silinmesi, yok edilmesi halinde bu i\u015flemlerin, ki\u015fisel verilerin aktar\u0131ld\u0131\u011f\u0131 \u00fc\u00e7\u00fcnc\u00fc ki\u015filere de bildirilmesini isteme,<\/li>\n<li>\u0130\u015flenen verilerin m\u00fcnhas\u0131ran otomatik sistemler vas\u0131tas\u0131yla analiz edilmesi suretiyle ki\u015finin kendisi aleyhine bir sonucun ortaya \u00e7\u0131kmas\u0131na itiraz etme,<\/li>\n<li>Ki\u015fisel verilerin kanuna ayk\u0131r\u0131 olarak i\u015flenmesi sebebiyle zarara u\u011framas\u0131 h\u00e2linde zarar\u0131n giderilmesini talep etme, haklar\u0131na sahiptir.<\/li>\n<\/ul>\n<p>10.\u00a0<strong>\u0130leti\u015fim ve Ba\u015fvuru Y\u00f6ntemi<\/strong><\/p>\n<p>orbisiplaw.com ve orbisiplaw.com.tr taraf\u0131ndan atanacak Veri Sorumlusu Temsilcisi, yasal altyap\u0131 sa\u011fland\u0131\u011f\u0131nda Veri Sorumlular\u0131 Sicilinde ve bu belgenin bulundu\u011fu internet adresinde ilan edilecektir.<\/p>\n<p>Ki\u015fisel Veri Sahipleri, sorular\u0131n\u0131, g\u00f6r\u00fc\u015flerini veya taleplerini orbis@orbisiplaw.com e-posta adresine y\u00f6neltebilirler.<\/p>\n<p>orbisiplaw.com ve orbisiplaw.com.tr iletilen taleplere, gerek\u00e7eli olmak ve 30 g\u00fcn i\u00e7inde cevap vermek kayd\u0131yla olumlu\/olumsuz yan\u0131t\u0131n\u0131, yaz\u0131l\u0131 veya dijital ortamdan verebilir. Taleplere ili\u015fkin gerekli i\u015flemlerin \u00fccretsiz olmas\u0131 esast\u0131r. Ancak i\u015flemlerin bir maliyet gerektirmesi halinde, orbisiplaw.com ve orbisiplaw.com.tr, \u00fccret talebinde bulunma hakk\u0131n\u0131 sakl\u0131 tutar. Bu \u00fccretler, Ki\u015fisel Verilerin Korunmas\u0131 Kurulu taraf\u0131ndan, Ki\u015fisel Verilerin korunmas\u0131 Kanunu\u2019nun 13. maddesine g\u00f6re belirlenen tarife \u00fczerinden belirlenir.<\/p>\n<p>Web sayfam\u0131zda, uygulamalar\u0131m\u0131zda ve di\u011fer sair kanallar\u0131m\u0131zda ki\u015fisel verilerinizi payla\u015farak Ki\u015fisel Veriler Politikam\u0131z\u0131 ve politikam\u0131zda yer alan i\u015flenme, i\u015flenme y\u00f6ntemleri, verilerin aktar\u0131lmas\u0131, sat\u0131\u015f\u0131 ve di\u011fer ilgili hususlar hakk\u0131ndaki \u015fartlar\u0131, Bir sosyal medya uygulamas\u0131 olan orbisiplaw.com ve orbisiplaw.com.tr ile payla\u015f\u0131lan verilerin web sayfas\u0131nda, uygulamalarda ve sosyal medya kanallar\u0131nda kullan\u0131lmas\u0131n\u0131, bildirimlerde ve \u00f6nerilerde bulunulmas\u0131n\u0131, \u00fcyelerin yarar\u0131na olmas\u0131 \u015fart\u0131yla ticari anlamda \u00fc\u00e7\u00fcnc\u00fc ki\u015filerle payla\u015f\u0131labilece\u011fini ve yine bunun i\u00e7in kabulde bulundu\u011funuzu, yasal haklar\u0131n\u0131z\u0131 kullanmadan \u00f6nce orbisiplaw.com ve orbisiplaw.com.tr\u2019ye\u00a0 ba\u015fvuruda bulunaca\u011f\u0131n\u0131z\u0131 KVKK\u2019da b\u00fcy\u00fck \u00f6neme haiz, belirli bir konuya ili\u015fkin, bilgilendirilmeye dayanan ve \u00f6zg\u00fcr iradeyle a\u00e7\u0131klanan r\u0131za \u015feklinde tan\u0131mlanan <strong>a\u00e7\u0131k bir r\u0131za<\/strong>\u00a0ile kabul etti\u011finizi beyan etmi\u015f olursunuz.<\/p>\n<\/div><div class=\"bt_bb_separator bt_bb_border_style_none bt_bb_bottom_spacing_60\" data-bt-override-class=\"null\"><\/div><\/div><\/div><div  class=\"bt_bb_column_inner col-xxl-3 col-xl-3 bt_bb_vertical_align_top bt_bb_align_left bt_bb_padding_normal\"  data-width=\"3\" data-bt-override-class=\"{}\"><div class=\"bt_bb_column_inner_content\"><\/div><\/div><\/div><\/div><div class=\"bt_bb_row_wrapper\"><div  class=\"bt_bb_row_inner\"  data-bt-override-class=\"{}\"><div  class=\"bt_bb_column_inner col-xxl-6 col-xl-6 bt_bb_vertical_align_top bt_bb_align_left bt_bb_padding_normal\"  data-width=\"6\" data-bt-override-class=\"{}\"><div class=\"bt_bb_column_inner_content\"><\/div><\/div><div  class=\"bt_bb_column_inner col-xxl-6 col-xl-6 bt_bb_vertical_align_top bt_bb_align_left bt_bb_padding_normal\"  data-width=\"6\" data-bt-override-class=\"{}\"><div class=\"bt_bb_column_inner_content\"><\/div><\/div><\/div><\/div><div class=\"bt_bb_row_wrapper\"><div  class=\"bt_bb_row_inner\"  data-bt-override-class=\"{}\"><div  class=\"bt_bb_column_inner col-xxl-6 col-xl-6 bt_bb_vertical_align_top bt_bb_align_left bt_bb_padding_normal\"  data-width=\"6\" data-bt-override-class=\"{}\"><div class=\"bt_bb_column_inner_content\"><\/div><\/div><div  class=\"bt_bb_column_inner col-xxl-6 col-xl-6 bt_bb_vertical_align_top bt_bb_align_left bt_bb_padding_normal\"  data-width=\"6\" data-bt-override-class=\"{}\"><div class=\"bt_bb_column_inner_content\"><\/div><\/div><\/div><\/div><\/div><\/div><\/div><div data-bb-version=\"4.7.6\"  class=\"bt_bb_column col-xxl-4 col-xl-4 bt_bb_vertical_align_top bt_bb_align_left bt_bb_padding_normal bt_bb_animation_fade_in animate\"  data-width=\"4\" data-bt-override-class=\"{&quot;bt_bb_align_&quot;:{&quot;current_class&quot;:&quot;bt_bb_align_left&quot;,&quot;xxl&quot;:&quot;left&quot;},&quot;bt_bb_padding_&quot;:{&quot;current_class&quot;:&quot;bt_bb_padding_normal&quot;,&quot;xxl&quot;:&quot;normal&quot;}}\"><div class=\"bt_bb_column_content\"><div class=\"bt_bb_column_content_inner\"><div data-bb-version=\"4.7.6\" class=\"bt_bb_image bt_bb_shape_square bt_bb_align_inherit bt_bb_hover_style_simple bt_bb_content_display_always bt_bb_content_align_middle bt_bb_remove_padding_yes bt_bb_fill_background_color_full bt_bb_animation_fade_in animate\" data-bt-override-class=\"{&quot;bt_bb_align_&quot;:{&quot;current_class&quot;:&quot;bt_bb_align_inherit&quot;,&quot;xxl&quot;:&quot;inherit&quot;}}\"><span><img src = \"https:\/\/orbisiplaw.com\/wp-content\/plugins\/bold-page-builder\/img\/blank.gif\" data-full_image_src=\"https:\/\/orbisiplaw.com\/wp-content\/uploads\/2024\/01\/bitki2.jpg\" data-image_src=\"https:\/\/orbisiplaw.com\/wp-content\/uploads\/2024\/01\/bitki2.jpg\" title=\"bitki2\" alt=\"https:\/\/orbisiplaw.com\/wp-content\/uploads\/2024\/01\/bitki2.jpg\" class=\"btLazyLoadImage\"><\/span><\/div><\/div><\/div><\/div><\/div><\/div><\/div><!-- cell_inner --><\/div><!-- cell --><\/div><!-- port --><\/section>","protected":false},"excerpt":{"rendered":"<p>Interactively procrastinate high-payoff content without backward-compatible data. Quickly cultivate optimal processes and tactical architectures. Completely iterate covalent strategic theme areas via accurate e-markets.<\/p>\n","protected":false},"author":1,"featured_media":1512,"parent":0,"menu_order":0,"comment_status":"closed","ping_status":"closed","template":"","meta":{"footnotes":""},"class_list":["post-2113","page","type-page","status-publish","has-post-thumbnail","hentry"],"_links":{"self":[{"href":"https:\/\/orbisiplaw.com\/tr\/wp-json\/wp\/v2\/pages\/2113\/"}],"collection":[{"href":"https:\/\/orbisiplaw.com\/tr\/wp-json\/wp\/v2\/pages\/"}],"about":[{"href":"https:\/\/orbisiplaw.com\/tr\/wp-json\/wp\/v2\/types\/page\/"}],"author":[{"embeddable":true,"href":"https:\/\/orbisiplaw.com\/tr\/wp-json\/wp\/v2\/users\/1\/"}],"replies":[{"embeddable":true,"href":"https:\/\/orbisiplaw.com\/tr\/wp-json\/wp\/v2\/comments\/?post=2113"}],"version-history":[{"count":2,"href":"https:\/\/orbisiplaw.com\/tr\/wp-json\/wp\/v2\/pages\/2113\/revisions\/"}],"predecessor-version":[{"id":2116,"href":"https:\/\/orbisiplaw.com\/tr\/wp-json\/wp\/v2\/pages\/2113\/revisions\/2116\/"}],"wp:featuredmedia":[{"embeddable":true,"href":"https:\/\/orbisiplaw.com\/tr\/wp-json\/wp\/v2\/media\/1512\/"}],"wp:attachment":[{"href":"https:\/\/orbisiplaw.com\/tr\/wp-json\/wp\/v2\/media\/?parent=2113"}],"curies":[{"name":"wp","href":"https:\/\/api.w.org\/{rel}","templated":true}]}}