{"id":1610,"date":"2024-01-18T20:04:24","date_gmt":"2024-01-18T17:04:24","guid":{"rendered":"https:\/\/orbisiplaw.com\/?page_id=1610"},"modified":"2024-02-13T23:51:47","modified_gmt":"2024-02-13T20:51:47","slug":"telifhaklari","status":"publish","type":"page","link":"https:\/\/orbisiplaw.com\/tr\/telifhaklari\/","title":{"rendered":"Telif Haklar\u0131"},"content":{"rendered":"<section data-bb-version=\"4.7.6\" id=\"bt_bb_section69e5c5e812f3d\" class=\"bt_bb_section bt_bb_color_scheme_11 bt_bb_layout_boxed_1200 bt_bb_vertical_align_top bt_bb_background_overlay_dark_solid bt_bb_top_spacing_extra_large bt_bb_bottom_spacing_large bt_bb_negative_margin_ bt-dark-skin\" style=\"; --section-primary-color:#ffffff; --section-secondary-color:#000000;\" data-bt-override-class=\"{&quot;bt_bb_top_spacing_&quot;:{&quot;current_class&quot;:&quot;bt_bb_top_spacing_extra_large&quot;,&quot;xxl&quot;:&quot;extra_large&quot;},&quot;bt_bb_bottom_spacing_&quot;:{&quot;current_class&quot;:&quot;bt_bb_bottom_spacing_large&quot;,&quot;xxl&quot;:&quot;large&quot;},&quot;bt_bb_negative_margin_&quot;:{&quot;current_class&quot;:&quot;bt_bb_negative_margin_&quot;,&quot;xxl&quot;:&quot;&quot;}}\"><div class=\"bt_bb_background_image_holder_wrapper\"><div class=\"bt_bb_background_image_holder btLazyLoadBackground\"  data-background_image_src=\"https:\/\/orbisiplaw.com\/wp-content\/uploads\/2024\/01\/telif-1.jpg\" data-parallax-zoom-start=\"1\" data-parallax-zoom-end=\"1\" data-parallax-blur-start=\"0\" data-parallax-blur-end=\"0\" data-parallax-opacity-start=\"1\" data-parallax-opacity-end=\"1\" style=\" background-image: url(&#039;https:\/\/orbisiplaw.com\/wp-content\/plugins\/bold-page-builder\/img\/blank.gif&#039;);\"><\/div><\/div><div class=\"bt_bb_port\"><div class=\"bt_bb_cell\"><div class=\"bt_bb_cell_inner\"><div class=\"bt_bb_row_wrapper\"><div  class=\"bt_bb_row\"  data-bt-override-class=\"{}\"><div  class=\"bt_bb_column col-xxl-6 col-xl-6 bt_bb_vertical_align_top bt_bb_align_left bt_bb_padding_normal bt_bb_animation_fade_in bt_bb_animation_zoom_out animate\"  data-width=\"6\" data-bt-override-class=\"{}\"><div class=\"bt_bb_column_content\"><div class=\"bt_bb_column_content_inner\"><header data-bb-version=\"4.7.6\" class=\"bt_bb_headline bt_bb_dash_top bt_bb_superheadline bt_bb_size_large bt_bb_align_inherit\" data-bt-override-class=\"{&quot;bt_bb_size_&quot;:{&quot;current_class&quot;:&quot;bt_bb_size_large&quot;,&quot;xxl&quot;:&quot;large&quot;},&quot;bt_bb_align_&quot;:{&quot;current_class&quot;:&quot;bt_bb_align_inherit&quot;,&quot;xxl&quot;:&quot;inherit&quot;}}\"><h1><span class=\"bt_bb_headline_superheadline\"><span>ORBIS IP & Law<\/span><\/span><span class=\"bt_bb_headline_content\"><span>Telif Haklar\u0131<span class=\"bt_bb_outline_text bt_bb_outline_text_align_left bt_bb_outline_text_size_300\"><span>ORBIS IP &amp; Law<\/span><\/span><\/span><\/span><\/h1><\/header><div class=\"bt_bb_separator bt_bb_border_style_none bt_bb_bottom_spacing_60\" data-bt-override-class=\"null\"><\/div><\/div><\/div><\/div><div  class=\"bt_bb_column col-xxl-6 col-xl-6 bt_bb_vertical_align_top bt_bb_align_right bt_bb_padding_40 bt_bb_animation_fade_in bt_bb_animation_zoom_out animate\"  data-width=\"6\" data-bt-override-class=\"{}\"><div class=\"bt_bb_column_content\"><div class=\"bt_bb_column_content_inner\"><\/div><\/div><\/div><\/div><\/div><\/div><!-- cell_inner --><\/div><!-- cell --><\/div><!-- port --><\/section><section id=\"bt_bb_section69e5c5e8131ab\" class=\"bt_bb_section bt_bb_layout_wide bt_bb_vertical_align_top bt_bb_top_spacing_100\"  data-bt-override-class=\"null\"><div class=\"bt_bb_port\"><div class=\"bt_bb_cell\"><div class=\"bt_bb_cell_inner\"><div class=\"bt_bb_row_wrapper bt_bb_row_push_right bt_bb_content_wide bt_bb_row_width_boxed_1200\"><div  class=\"bt_bb_row\"  data-bt-override-class=\"{}\"><div  class=\"bt_bb_column col-xxl-8 col-xl-8 bt_bb_vertical_align_top bt_bb_align_left bt_bb_padding_normal bt_bb_animation_fade_in animate\"  data-width=\"8\" data-bt-override-class=\"{}\"><div class=\"bt_bb_column_content\"><div class=\"bt_bb_column_content_inner\"><div class=\"bt_bb_row_wrapper\"><div  class=\"bt_bb_row_inner\"  data-bt-override-class=\"{}\"><div  class=\"bt_bb_column_inner col-xxl-9 col-xl-9 bt_bb_vertical_align_top bt_bb_align_left bt_bb_padding_normal\"  data-width=\"9\" data-bt-override-class=\"{}\"><div class=\"bt_bb_column_inner_content\"><header data-bb-version=\"4.7.6\" class=\"bt_bb_headline bt_bb_dash_top bt_bb_superheadline bt_bb_size_medium bt_bb_align_inherit\" data-bt-override-class=\"{&quot;bt_bb_size_&quot;:{&quot;current_class&quot;:&quot;bt_bb_size_medium&quot;,&quot;xxl&quot;:&quot;medium&quot;},&quot;bt_bb_align_&quot;:{&quot;current_class&quot;:&quot;bt_bb_align_inherit&quot;,&quot;xxl&quot;:&quot;inherit&quot;}}\"><h1><span class=\"bt_bb_headline_superheadline\"><span>ORBIS IP & Law<\/span><\/span><span class=\"bt_bb_headline_content\"><span>Telif Haklar\u0131<span class=\"bt_bb_outline_text bt_bb_outline_text_align_left bt_bb_outline_text_size_inherit\"><span>ORBIS <\/span><\/span><\/span><\/span><\/h1><\/header><div class=\"bt_bb_separator bt_bb_border_style_none bt_bb_bottom_spacing_60\" data-bt-override-class=\"null\"><\/div><div data-bb-version=\"4.7.6\"  class=\"bt_bb_text\" ><p style=\"background: white;margin: 0cm 0cm 12.0pt 0cm\"><span style=\"font-family: Roboto\">Orbis Patent Telif Haklar\u0131 Genel M\u00fcd\u00fcrl\u00fc\u011f\u00fc nezdinde \u0130ste\u011fe Ba\u011fl\u0131 Kay\u0131t-Tescil s\u00fcre\u00e7lerini y\u00fcr\u00fctmektedir. <\/span><\/p>\n<p>\u00a0<\/p>\n<\/div><div class=\"bt_bb_separator bt_bb_border_style_none bt_bb_bottom_spacing_60\" data-bt-override-class=\"null\"><\/div><\/div><\/div><div  class=\"bt_bb_column_inner col-xxl-3 col-xl-3 bt_bb_vertical_align_top bt_bb_align_left bt_bb_padding_normal\"  data-width=\"3\" data-bt-override-class=\"{}\"><div class=\"bt_bb_column_inner_content\"><\/div><\/div><\/div><\/div><div class=\"bt_bb_row_wrapper\"><div  class=\"bt_bb_row_inner\"  data-bt-override-class=\"{}\"><div  class=\"bt_bb_column_inner col-xxl-6 col-xl-6 bt_bb_vertical_align_top bt_bb_align_left bt_bb_padding_normal\"  data-width=\"6\" data-bt-override-class=\"{}\"><div class=\"bt_bb_column_inner_content\"><\/div><\/div><div  class=\"bt_bb_column_inner col-xxl-6 col-xl-6 bt_bb_vertical_align_top bt_bb_align_left bt_bb_padding_normal\"  data-width=\"6\" data-bt-override-class=\"{}\"><div class=\"bt_bb_column_inner_content\"><\/div><\/div><\/div><\/div><div class=\"bt_bb_row_wrapper\"><div  class=\"bt_bb_row_inner\"  data-bt-override-class=\"{}\"><div  class=\"bt_bb_column_inner col-xxl-6 col-xl-6 bt_bb_vertical_align_top bt_bb_align_left bt_bb_padding_normal\"  data-width=\"6\" data-bt-override-class=\"{}\"><div class=\"bt_bb_column_inner_content\"><\/div><\/div><div  class=\"bt_bb_column_inner col-xxl-6 col-xl-6 bt_bb_vertical_align_top bt_bb_align_left bt_bb_padding_normal\"  data-width=\"6\" data-bt-override-class=\"{}\"><div class=\"bt_bb_column_inner_content\"><\/div><\/div><\/div><\/div><\/div><\/div><\/div><div data-bb-version=\"4.7.6\"  class=\"bt_bb_column col-xxl-4 col-xl-4 bt_bb_vertical_align_top bt_bb_align_left bt_bb_padding_normal bt_bb_animation_fade_in animate\"  data-width=\"4\" data-bt-override-class=\"{&quot;bt_bb_align_&quot;:{&quot;current_class&quot;:&quot;bt_bb_align_left&quot;,&quot;xxl&quot;:&quot;left&quot;},&quot;bt_bb_padding_&quot;:{&quot;current_class&quot;:&quot;bt_bb_padding_normal&quot;,&quot;xxl&quot;:&quot;normal&quot;}}\"><div class=\"bt_bb_column_content\"><div class=\"bt_bb_column_content_inner\"><div data-bb-version=\"4.7.6\" class=\"bt_bb_image bt_bb_shape_square bt_bb_align_inherit bt_bb_hover_style_simple bt_bb_content_display_always bt_bb_content_align_middle bt_bb_remove_padding_yes bt_bb_fill_background_color_full bt_bb_animation_fade_in animate\" data-bt-override-class=\"{&quot;bt_bb_align_&quot;:{&quot;current_class&quot;:&quot;bt_bb_align_inherit&quot;,&quot;xxl&quot;:&quot;inherit&quot;}}\"><span><img src = \"https:\/\/orbisiplaw.com\/wp-content\/plugins\/bold-page-builder\/img\/blank.gif\" data-full_image_src=\"https:\/\/orbisiplaw.com\/wp-content\/uploads\/2024\/01\/telif2.jpg\" data-image_src=\"https:\/\/orbisiplaw.com\/wp-content\/uploads\/2024\/01\/telif2.jpg\" title=\"telif2\" alt=\"https:\/\/orbisiplaw.com\/wp-content\/uploads\/2024\/01\/telif2.jpg\" class=\"btLazyLoadImage\"><\/span><\/div><\/div><\/div><\/div><\/div><\/div><\/div><!-- cell_inner --><\/div><!-- cell --><\/div><!-- port --><\/section>","protected":false},"excerpt":{"rendered":"<p>Interactively procrastinate high-payoff content without backward-compatible data. Quickly cultivate optimal processes and tactical architectures. Completely iterate covalent strategic theme areas via accurate e-markets.<\/p>\n","protected":false},"author":1,"featured_media":1512,"parent":0,"menu_order":0,"comment_status":"closed","ping_status":"closed","template":"","meta":{"footnotes":""},"class_list":["post-1610","page","type-page","status-publish","has-post-thumbnail","hentry"],"_links":{"self":[{"href":"https:\/\/orbisiplaw.com\/tr\/wp-json\/wp\/v2\/pages\/1610\/"}],"collection":[{"href":"https:\/\/orbisiplaw.com\/tr\/wp-json\/wp\/v2\/pages\/"}],"about":[{"href":"https:\/\/orbisiplaw.com\/tr\/wp-json\/wp\/v2\/types\/page\/"}],"author":[{"embeddable":true,"href":"https:\/\/orbisiplaw.com\/tr\/wp-json\/wp\/v2\/users\/1\/"}],"replies":[{"embeddable":true,"href":"https:\/\/orbisiplaw.com\/tr\/wp-json\/wp\/v2\/comments\/?post=1610"}],"version-history":[{"count":5,"href":"https:\/\/orbisiplaw.com\/tr\/wp-json\/wp\/v2\/pages\/1610\/revisions\/"}],"predecessor-version":[{"id":2191,"href":"https:\/\/orbisiplaw.com\/tr\/wp-json\/wp\/v2\/pages\/1610\/revisions\/2191\/"}],"wp:featuredmedia":[{"embeddable":true,"href":"https:\/\/orbisiplaw.com\/tr\/wp-json\/wp\/v2\/media\/1512\/"}],"wp:attachment":[{"href":"https:\/\/orbisiplaw.com\/tr\/wp-json\/wp\/v2\/media\/?parent=1610"}],"curies":[{"name":"wp","href":"https:\/\/api.w.org\/{rel}","templated":true}]}}