{"id":1565,"date":"2024-01-18T13:25:34","date_gmt":"2024-01-18T10:25:34","guid":{"rendered":"https:\/\/orbisiplaw.com\/?page_id=1565"},"modified":"2024-02-20T14:33:33","modified_gmt":"2024-02-20T11:33:33","slug":"marka-3","status":"publish","type":"page","link":"https:\/\/orbisiplaw.com\/tr\/marka-3\/","title":{"rendered":"Marka"},"content":{"rendered":"<section data-bb-version=\"4.7.6\" id=\"bt_bb_section69f0e00fc3850\" class=\"bt_bb_section bt_bb_color_scheme_11 bt_bb_layout_boxed_1200 bt_bb_vertical_align_top bt_bb_background_overlay_dark_solid bt_bb_top_spacing_extra_large bt_bb_bottom_spacing_large bt_bb_negative_margin_ bt-dark-skin\" style=\"; --section-primary-color:#ffffff; --section-secondary-color:#000000;\" data-bt-override-class=\"{&quot;bt_bb_top_spacing_&quot;:{&quot;current_class&quot;:&quot;bt_bb_top_spacing_extra_large&quot;,&quot;xxl&quot;:&quot;extra_large&quot;},&quot;bt_bb_bottom_spacing_&quot;:{&quot;current_class&quot;:&quot;bt_bb_bottom_spacing_large&quot;,&quot;xxl&quot;:&quot;large&quot;},&quot;bt_bb_negative_margin_&quot;:{&quot;current_class&quot;:&quot;bt_bb_negative_margin_&quot;,&quot;xxl&quot;:&quot;&quot;}}\"><div class=\"bt_bb_background_image_holder_wrapper\"><div class=\"bt_bb_background_image_holder btLazyLoadBackground\"  data-background_image_src=\"https:\/\/orbisiplaw.com\/wp-content\/uploads\/2024\/02\/marka4.jpg\" data-parallax-zoom-start=\"1\" data-parallax-zoom-end=\"1\" data-parallax-blur-start=\"0\" data-parallax-blur-end=\"0\" data-parallax-opacity-start=\"1\" data-parallax-opacity-end=\"1\" style=\" background-image: url(&#039;https:\/\/orbisiplaw.com\/wp-content\/plugins\/bold-page-builder\/img\/blank.gif&#039;);\"><\/div><\/div><div class=\"bt_bb_port\"><div class=\"bt_bb_cell\"><div class=\"bt_bb_cell_inner\"><div class=\"bt_bb_row_wrapper\"><div  class=\"bt_bb_row\"  data-bt-override-class=\"{}\"><div  class=\"bt_bb_column col-xxl-6 col-xl-6 bt_bb_vertical_align_top bt_bb_align_left bt_bb_padding_normal bt_bb_animation_fade_in bt_bb_animation_zoom_out animate\"  data-width=\"6\" data-bt-override-class=\"{}\"><div class=\"bt_bb_column_content\"><div class=\"bt_bb_column_content_inner\"><header data-bb-version=\"4.7.6\" class=\"bt_bb_headline bt_bb_dash_top bt_bb_superheadline bt_bb_size_large bt_bb_align_inherit\" data-bt-override-class=\"{&quot;bt_bb_size_&quot;:{&quot;current_class&quot;:&quot;bt_bb_size_large&quot;,&quot;xxl&quot;:&quot;large&quot;},&quot;bt_bb_align_&quot;:{&quot;current_class&quot;:&quot;bt_bb_align_inherit&quot;,&quot;xxl&quot;:&quot;inherit&quot;}}\"><h1><span class=\"bt_bb_headline_superheadline\"><span>ORBIS IP & Law<\/span><\/span><span class=\"bt_bb_headline_content\"><span>Marka<span class=\"bt_bb_outline_text bt_bb_outline_text_align_left bt_bb_outline_text_size_400\"><span>ORBIS IP &amp; Law<\/span><\/span><\/span><\/span><\/h1><\/header><div class=\"bt_bb_separator bt_bb_border_style_none bt_bb_bottom_spacing_60\" data-bt-override-class=\"null\"><\/div><\/div><\/div><\/div><div  class=\"bt_bb_column col-xxl-6 col-xl-6 bt_bb_vertical_align_top bt_bb_align_right bt_bb_padding_40 bt_bb_animation_fade_in bt_bb_animation_zoom_out animate\"  data-width=\"6\" data-bt-override-class=\"{}\"><div class=\"bt_bb_column_content\"><div class=\"bt_bb_column_content_inner\"><\/div><\/div><\/div><\/div><\/div><\/div><!-- cell_inner --><\/div><!-- cell --><\/div><!-- port --><\/section><section id=\"bt_bb_section69f0e00fc3abc\" class=\"bt_bb_section bt_bb_layout_wide bt_bb_vertical_align_top bt_bb_top_spacing_100\"  data-bt-override-class=\"null\"><div class=\"bt_bb_port\"><div class=\"bt_bb_cell\"><div class=\"bt_bb_cell_inner\"><div class=\"bt_bb_row_wrapper bt_bb_row_push_right bt_bb_content_wide bt_bb_row_width_boxed_1200\"><div  class=\"bt_bb_row\"  data-bt-override-class=\"{}\"><div  class=\"bt_bb_column col-xxl-8 col-xl-8 bt_bb_vertical_align_top bt_bb_align_left bt_bb_padding_normal bt_bb_animation_fade_in animate\"  data-width=\"8\" data-bt-override-class=\"{}\"><div class=\"bt_bb_column_content\"><div class=\"bt_bb_column_content_inner\"><div class=\"bt_bb_row_wrapper\"><div  class=\"bt_bb_row_inner\"  data-bt-override-class=\"{}\"><div  class=\"bt_bb_column_inner col-xxl-9 col-xl-9 bt_bb_vertical_align_top bt_bb_align_left bt_bb_padding_normal\"  data-width=\"9\" data-bt-override-class=\"{}\"><div class=\"bt_bb_column_inner_content\"><header data-bb-version=\"4.7.6\" class=\"bt_bb_headline bt_bb_dash_top bt_bb_superheadline bt_bb_size_medium bt_bb_align_inherit\" data-bt-override-class=\"{&quot;bt_bb_size_&quot;:{&quot;current_class&quot;:&quot;bt_bb_size_medium&quot;,&quot;xxl&quot;:&quot;medium&quot;},&quot;bt_bb_align_&quot;:{&quot;current_class&quot;:&quot;bt_bb_align_inherit&quot;,&quot;xxl&quot;:&quot;inherit&quot;}}\"><h1><span class=\"bt_bb_headline_superheadline\"><span>ORBIS IP & Law<\/span><\/span><span class=\"bt_bb_headline_content\"><span>Marka tescili \u00f6ncesi ve sonras\u0131nda t\u00fcm s\u00fcre\u00e7lerde yan\u0131n\u0131zday\u0131z!<span class=\"bt_bb_outline_text bt_bb_outline_text_align_left bt_bb_outline_text_size_inherit\"><span>ORBIS <\/span><\/span><\/span><\/span><\/h1><\/header><div class=\"bt_bb_separator bt_bb_border_style_none bt_bb_bottom_spacing_60\" data-bt-override-class=\"null\"><\/div><div data-bb-version=\"4.7.6\"  class=\"bt_bb_text\" ><p>Orbis Patent, T\u00dcRKPATENT nezdinde marka ba\u015fvurusu ve tescili i\u015flemleri ile bunlara ili\u015fkin hukuki hizmetler sunmaktad\u0131r.<\/p>\n<p>\u00c7\u00f6z\u00fcm odakl\u0131 bir \u00e7al\u0131\u015fma sistemini benimseyerek, ekipte yer alan avukat, marka &amp; patent vekilleri ve bilirki\u015filerce ortaya konan farkl\u0131 bak\u0131\u015f a\u00e7\u0131lar\u0131 ile t\u00fcm olas\u0131l\u0131klar\u0131 \u00f6nden tespit edip de\u011ferlendirmektedir.<\/p>\n<p>Marka Haklar\u0131 Kapsam\u0131nda T\u00fcrkiye ve d\u00fcnyada sundu\u011fumuz ana hizmet alanlar\u0131m\u0131z;<\/p>\n<h2 class=\"vc_custom_heading vc_custom_1603142078904\"><\/h2>\n<p><img loading=\"lazy\" decoding=\"async\" class=\"alignnone size-full wp-image-1524\" src=\"https:\/\/orbisiplaw.com\/wp-content\/uploads\/2024\/01\/circile.png\" alt=\"\" width=\"12\" height=\"12\" \/> Marka Haklar\u0131n\u0131n Tesisi<\/p>\n<p><img loading=\"lazy\" decoding=\"async\" class=\"alignnone size-full wp-image-1524\" src=\"https:\/\/orbisiplaw.com\/wp-content\/uploads\/2024\/01\/circile.png\" alt=\"\" width=\"12\" height=\"12\" \/> EUTM ve\u00a0Madrid Protokol\u00fc Kapsam\u0131nda Ger\u00e7ekle\u015ftirilen Marka Ba\u015fvurular\u0131<\/p>\n<p><img loading=\"lazy\" decoding=\"async\" class=\"alignnone size-full wp-image-1524\" src=\"https:\/\/orbisiplaw.com\/wp-content\/uploads\/2024\/01\/circile.png\" alt=\"\" width=\"12\" height=\"12\" \/>\u00a0\u00dclkesel Ba\u015fvurular<\/p>\n<p><img loading=\"lazy\" decoding=\"async\" class=\"alignnone size-full wp-image-1524\" src=\"https:\/\/orbisiplaw.com\/wp-content\/uploads\/2024\/01\/circile.png\" alt=\"\" width=\"12\" height=\"12\" \/> Yenileme Takibi<\/p>\n<p><img loading=\"lazy\" decoding=\"async\" class=\"alignnone size-full wp-image-1524\" src=\"https:\/\/orbisiplaw.com\/wp-content\/uploads\/2024\/01\/circile.png\" alt=\"\" width=\"12\" height=\"12\" \/> \u00a0Benzerlik Ara\u015ft\u0131rma ve Risk Analizi<\/p>\n<p><img loading=\"lazy\" decoding=\"async\" class=\"alignnone size-full wp-image-1524\" src=\"https:\/\/orbisiplaw.com\/wp-content\/uploads\/2024\/01\/circile.png\" alt=\"\" width=\"12\" height=\"12\" \/>\u00a0 Marka \u0130zleme ve Risk Analizi<\/p>\n<p><img loading=\"lazy\" decoding=\"async\" class=\"alignnone size-full wp-image-1524\" src=\"https:\/\/orbisiplaw.com\/wp-content\/uploads\/2024\/01\/circile.png\" alt=\"\" width=\"12\" height=\"12\" \/> \u00a0\u0130tiraz ve Savunmalar<\/p>\n<p><img loading=\"lazy\" decoding=\"async\" class=\"alignnone size-full wp-image-1524\" src=\"https:\/\/orbisiplaw.com\/wp-content\/uploads\/2024\/01\/circile.png\" alt=\"\" width=\"12\" height=\"12\" \/> \u00a0Veri Do\u011frulama ve Portf\u00f6y D\u00fczenleme<\/p>\n<p><img loading=\"lazy\" decoding=\"async\" class=\"alignnone size-full wp-image-1524\" src=\"https:\/\/orbisiplaw.com\/wp-content\/uploads\/2024\/01\/circile.png\" alt=\"\" width=\"12\" height=\"12\" \/> Yenileme<\/p>\n<p><img loading=\"lazy\" decoding=\"async\" class=\"alignnone size-full wp-image-1524\" src=\"https:\/\/orbisiplaw.com\/wp-content\/uploads\/2024\/01\/circile.png\" alt=\"\" width=\"12\" height=\"12\" \/> Marka H\u00fck\u00fcms\u00fczl\u00fck ve Tecav\u00fcz Davalar\u0131<\/p>\n<p><img loading=\"lazy\" decoding=\"async\" class=\"alignnone size-full wp-image-1524\" src=\"https:\/\/orbisiplaw.com\/wp-content\/uploads\/2024\/01\/circile.png\" alt=\"\" width=\"12\" height=\"12\" \/>\u00a0Marka \u0130ptal Talepleri<\/p>\n<p><img loading=\"lazy\" decoding=\"async\" class=\"alignnone size-full wp-image-1524\" src=\"https:\/\/orbisiplaw.com\/wp-content\/uploads\/2024\/01\/circile.png\" alt=\"\" width=\"12\" height=\"12\" \/>\u00a0Lisans ve Devir S\u00f6zle\u015fmelerinin Haz\u0131rlanmas\u0131<\/p>\n<p><img loading=\"lazy\" decoding=\"async\" class=\"alignnone size-full wp-image-1524\" src=\"https:\/\/orbisiplaw.com\/wp-content\/uploads\/2024\/01\/circile.png\" alt=\"\" width=\"12\" height=\"12\" \/>\u00a0Birlikte Var Olma S\u00f6zle\u015fmelerinin Haz\u0131rlanmas\u0131<\/p>\n<p><img loading=\"lazy\" decoding=\"async\" class=\"alignnone size-full wp-image-1524\" src=\"https:\/\/orbisiplaw.com\/wp-content\/uploads\/2024\/01\/circile.png\" alt=\"\" width=\"12\" height=\"12\" \/>\u00a0Piyasa Ara\u015ft\u0131rmalar\u0131<\/p>\n<p><img loading=\"lazy\" decoding=\"async\" class=\"alignnone size-full wp-image-1524\" src=\"https:\/\/orbisiplaw.com\/wp-content\/uploads\/2024\/01\/circile.png\" alt=\"\" width=\"12\" height=\"12\" \/>\u00a0Fikri ve S\u0131nai Haklar\u0131n G\u00fcmr\u00fcklerde Korunmas\u0131na \u0130li\u015fkin Talepler<\/p>\n<p><img loading=\"lazy\" decoding=\"async\" class=\"alignnone size-full wp-image-1524\" src=\"https:\/\/orbisiplaw.com\/wp-content\/uploads\/2024\/01\/circile.png\" alt=\"\" width=\"12\" height=\"12\" \/>\u00a0Devir ve Birle\u015fmeler<\/p>\n<\/div><div class=\"bt_bb_separator bt_bb_border_style_none bt_bb_bottom_spacing_60\" data-bt-override-class=\"null\"><\/div><\/div><\/div><div  class=\"bt_bb_column_inner col-xxl-3 col-xl-3 bt_bb_vertical_align_top bt_bb_align_left bt_bb_padding_normal\"  data-width=\"3\" data-bt-override-class=\"{}\"><div class=\"bt_bb_column_inner_content\"><\/div><\/div><\/div><\/div><div class=\"bt_bb_row_wrapper\"><div  class=\"bt_bb_row_inner\"  data-bt-override-class=\"{}\"><div  class=\"bt_bb_column_inner col-xxl-6 col-xl-6 bt_bb_vertical_align_top bt_bb_align_left bt_bb_padding_normal\"  data-width=\"6\" data-bt-override-class=\"{}\"><div class=\"bt_bb_column_inner_content\"><\/div><\/div><div  class=\"bt_bb_column_inner col-xxl-6 col-xl-6 bt_bb_vertical_align_top bt_bb_align_left bt_bb_padding_normal\"  data-width=\"6\" data-bt-override-class=\"{}\"><div class=\"bt_bb_column_inner_content\"><\/div><\/div><\/div><\/div><div class=\"bt_bb_row_wrapper\"><div  class=\"bt_bb_row_inner\"  data-bt-override-class=\"{}\"><div  class=\"bt_bb_column_inner col-xxl-6 col-xl-6 bt_bb_vertical_align_top bt_bb_align_left bt_bb_padding_normal\"  data-width=\"6\" data-bt-override-class=\"{}\"><div class=\"bt_bb_column_inner_content\"><\/div><\/div><div  class=\"bt_bb_column_inner col-xxl-6 col-xl-6 bt_bb_vertical_align_top bt_bb_align_left bt_bb_padding_normal\"  data-width=\"6\" data-bt-override-class=\"{}\"><div class=\"bt_bb_column_inner_content\"><\/div><\/div><\/div><\/div><\/div><\/div><\/div><div data-bb-version=\"4.7.6\"  class=\"bt_bb_column col-xxl-4 col-xl-4 bt_bb_vertical_align_top bt_bb_align_left bt_bb_padding_normal bt_bb_animation_fade_in animate\"  data-width=\"4\" data-bt-override-class=\"{&quot;bt_bb_align_&quot;:{&quot;current_class&quot;:&quot;bt_bb_align_left&quot;,&quot;xxl&quot;:&quot;left&quot;},&quot;bt_bb_padding_&quot;:{&quot;current_class&quot;:&quot;bt_bb_padding_normal&quot;,&quot;xxl&quot;:&quot;normal&quot;}}\"><div class=\"bt_bb_column_content\"><div class=\"bt_bb_column_content_inner\"><div data-bb-version=\"4.7.6\" class=\"bt_bb_image bt_bb_shape_square bt_bb_align_inherit bt_bb_hover_style_simple bt_bb_content_display_always bt_bb_content_align_middle bt_bb_remove_padding_yes bt_bb_fill_background_color_full bt_bb_animation_fade_in animate\" data-bt-override-class=\"{&quot;bt_bb_align_&quot;:{&quot;current_class&quot;:&quot;bt_bb_align_inherit&quot;,&quot;xxl&quot;:&quot;inherit&quot;}}\"><span><img src = \"https:\/\/orbisiplaw.com\/wp-content\/plugins\/bold-page-builder\/img\/blank.gif\" data-full_image_src=\"https:\/\/orbisiplaw.com\/wp-content\/uploads\/2024\/01\/markadik-scaled.jpg\" data-image_src=\"https:\/\/orbisiplaw.com\/wp-content\/uploads\/2024\/01\/markadik-scaled.jpg\" title=\"marka\" alt=\"https:\/\/orbisiplaw.com\/wp-content\/uploads\/2024\/01\/markadik-scaled.jpg\" class=\"btLazyLoadImage\"><\/span><\/div><\/div><\/div><\/div><\/div><\/div><\/div><!-- cell_inner --><\/div><!-- cell --><\/div><!-- port --><\/section>","protected":false},"excerpt":{"rendered":"<p>Interactively procrastinate high-payoff content without backward-compatible data. Quickly cultivate optimal processes and tactical architectures. Completely iterate covalent strategic theme areas via accurate e-markets.<\/p>\n","protected":false},"author":1,"featured_media":1512,"parent":0,"menu_order":0,"comment_status":"closed","ping_status":"closed","template":"","meta":{"footnotes":""},"class_list":["post-1565","page","type-page","status-publish","has-post-thumbnail","hentry"],"_links":{"self":[{"href":"https:\/\/orbisiplaw.com\/tr\/wp-json\/wp\/v2\/pages\/1565\/"}],"collection":[{"href":"https:\/\/orbisiplaw.com\/tr\/wp-json\/wp\/v2\/pages\/"}],"about":[{"href":"https:\/\/orbisiplaw.com\/tr\/wp-json\/wp\/v2\/types\/page\/"}],"author":[{"embeddable":true,"href":"https:\/\/orbisiplaw.com\/tr\/wp-json\/wp\/v2\/users\/1\/"}],"replies":[{"embeddable":true,"href":"https:\/\/orbisiplaw.com\/tr\/wp-json\/wp\/v2\/comments\/?post=1565"}],"version-history":[{"count":10,"href":"https:\/\/orbisiplaw.com\/tr\/wp-json\/wp\/v2\/pages\/1565\/revisions\/"}],"predecessor-version":[{"id":2303,"href":"https:\/\/orbisiplaw.com\/tr\/wp-json\/wp\/v2\/pages\/1565\/revisions\/2303\/"}],"wp:featuredmedia":[{"embeddable":true,"href":"https:\/\/orbisiplaw.com\/tr\/wp-json\/wp\/v2\/media\/1512\/"}],"wp:attachment":[{"href":"https:\/\/orbisiplaw.com\/tr\/wp-json\/wp\/v2\/media\/?parent=1565"}],"curies":[{"name":"wp","href":"https:\/\/api.w.org\/{rel}","templated":true}]}}